{"id":884,"date":"2025-06-24T11:30:56","date_gmt":"2025-06-24T14:30:56","guid":{"rendered":"https:\/\/hlprojetos.net.br\/?page_id=884"},"modified":"2025-07-07T22:36:38","modified_gmt":"2025-07-08T01:36:38","slug":"workshops","status":"publish","type":"page","link":"https:\/\/hlprojetos.net.br\/?page_id=884","title":{"rendered":"Workshops"},"content":{"rendered":"<div data-colibri-id=\"884-c1\" class=\"style-764 style-local-884-c1 position-relative\">\n  <!---->\n  <div data-colibri-component=\"section\" data-colibri-id=\"884-c2\" id=\"overlappable\" class=\"h-section h-section-global-spacing d-flex align-items-lg-center align-items-md-center align-items-center style-765 style-local-884-c2 position-relative\">\n    <!---->\n    <!---->\n    <div class=\"h-section-grid-container h-section-boxed-container\">\n      <!---->\n      <div data-colibri-id=\"884-c3\" class=\"h-row-container gutters-row-lg-2 gutters-row-md-2 gutters-row-2 gutters-row-v-lg-2 gutters-row-v-md-2 gutters-row-v-2 style-766 style-local-884-c3 position-relative\">\n        <!---->\n        <div class=\"h-row justify-content-lg-center justify-content-md-center justify-content-center align-items-lg-stretch align-items-md-stretch align-items-stretch gutters-col-lg-2 gutters-col-md-2 gutters-col-2 gutters-col-v-lg-2 gutters-col-v-md-2 gutters-col-v-2\">\n          <!---->\n          <div class=\"h-column h-column-container d-flex h-col-lg-auto h-col-md-auto h-col-auto style-767-outer style-local-884-c4-outer\">\n            <div data-colibri-id=\"884-c4\" class=\"d-flex h-flex-basis h-column__inner h-px-lg-2 h-px-md-2 h-px-2 v-inner-lg-2 v-inner-md-2 v-inner-2 style-767 style-local-884-c4 position-relative\">\n              <!---->\n              <!---->\n              <div class=\"w-100 h-y-container h-column__content h-column__v-align flex-basis-100 align-self-lg-center align-self-md-center align-self-center\">\n                <!---->\n                <div data-colibri-id=\"884-c5\" class=\"h-global-transition-all h-heading style-768 style-local-884-c5 position-relative h-element\">\n                  <!---->\n                  <div class=\"h-heading__outer style-768 style-local-884-c5\">\n                    <!---->\n                    <!---->\n                    <h3 class=\"\"><span style=\"font-weight: 600;\">A transi\u00e7\u00e3o tribut\u00e1ria vai gerar muitas d\u00favidas e n\u00f3s estamos prontos para te ajudar<\/span><\/h3>\n                  <\/div>\n                <\/div>\n                <div data-colibri-id=\"884-c6\" class=\"h-text h-text-component style-769 style-local-884-c6 position-relative h-element\">\n                  <!---->\n                  <!---->\n                  <div class=\"\">\n                    <p>Capacitar voc\u00ea e seu time para dar respostas r\u00e1pidas e eficientes sobre este novo momento \u00e9 nossa miss\u00e3o.<\/p>\n                  <\/div>\n                <\/div>\n                <div data-colibri-id=\"884-c7\" class=\"h-x-container style-770 style-local-884-c7 position-relative h-element\">\n                  <!---->\n                  <div class=\"h-x-container-inner style-dynamic-884-c7-group style-770-spacing style-local-884-c7-spacing\"><span class=\"h-button__outer style-771-outer style-local-884-c8-outer d-inline-flex h-element\"><a h-use-smooth-scroll=\"true\" href=\"https:\/\/hlprojetos.net.br\/#contato\"  data-colibri-id=\"884-c8\" class=\"d-flex w-100 align-items-center h-button justify-content-lg-center justify-content-md-center justify-content-center style-771 style-local-884-c8 position-relative\"><!----><!----> <span>fale conosco<\/span><\/a>\n                    <\/span>\n                  <\/div>\n                <\/div>\n              <\/div>\n            <\/div>\n          <\/div>\n          <div class=\"h-column h-column-container d-flex h-col-lg-auto h-col-md-auto h-col-auto style-772-outer style-local-884-c9-outer\">\n            <div data-colibri-id=\"884-c9\" class=\"d-flex h-flex-basis h-column__inner h-px-lg-2 h-px-md-2 h-px-2 v-inner-lg-2 v-inner-md-2 v-inner-2 style-772 style-local-884-c9 position-relative\">\n              <!---->\n              <!---->\n              <div class=\"w-100 h-y-container h-column__content h-column__v-align flex-basis-100 align-self-lg-start align-self-md-start align-self-start\">\n                <!---->\n                <div data-colibri-id=\"884-c10\" class=\"h-row-container gutters-row-lg-2 gutters-row-md-2 gutters-row-0 gutters-row-v-lg-2 gutters-row-v-md-2 gutters-row-v-2 style-773 style-local-884-c10 position-relative\">\n                  <!---->\n                  <div class=\"h-row justify-content-lg-center justify-content-md-center justify-content-center align-items-lg-stretch align-items-md-stretch align-items-stretch gutters-col-lg-2 gutters-col-md-2 gutters-col-0 gutters-col-v-lg-2 gutters-col-v-md-2 gutters-col-v-2\">\n                    <!---->\n                    <div class=\"h-column h-column-container d-flex h-col-lg-6 h-col-md-6 h-col-12 style-774-outer style-local-884-c11-outer\">\n                      <div data-colibri-id=\"884-c11\" class=\"d-flex h-flex-basis h-column__inner h-px-lg-0 h-px-md-0 h-px-0 v-inner-lg-0 v-inner-md-0 v-inner-0 style-774 style-local-884-c11 position-relative\">\n                        <!---->\n                        <!---->\n                        <div class=\"w-100 h-y-container h-column__content h-column__v-align flex-basis-100 align-self-lg-start align-self-md-start align-self-start\">\n                          <!---->\n                          <div data-colibri-id=\"884-c12\" class=\"h-icon style-775 style-local-884-c12 position-relative h-element\">\n                            <!----><span class=\"h-svg-icon h-icon__icon style-775-icon style-local-884-c12-icon\"><!--Icon by Ionicons (https:\/\/ionicons.com)--><svg version=\"1.1\" xmlns=\"http:\/\/www.w3.org\/2000\/svg\" xmlns:xlink=\"http:\/\/www.w3.org\/1999\/xlink\" id=\"android-people\" viewBox=\"0 0 448 512\"><path d=\"M305 232c-34 0-61-27-61-60s27-60 61-60 62 27 62 60-28 60-62 60zm-162 0c-34 0-62-27-62-60s28-60 62-60 61 27 61 60-27 60-61 60zm0 44c48 0 145 23 145 70v54H0v-54c0-47 95-70 143-70zm162 11c48 0 143 12 143 59v54H320v-54c0-30-9-41-32-58 7-1 11-1 17-1z\"><\/path><\/svg><\/span><\/div>\n                          <div\n                            data-colibri-id=\"884-c13\" class=\"h-global-transition-all h-heading style-776 style-local-884-c13 position-relative h-element\">\n                            <!---->\n                            <div class=\"h-heading__outer style-776 style-local-884-c13\">\n                              <!---->\n                              <!---->\n                              <h5 class=\"\">WORKSHOPS<\/h5>\n                            <\/div>\n                        <\/div>\n                        <div data-colibri-id=\"884-c14\" class=\"h-text h-text-component style-777 style-local-884-c14 position-relative h-element\">\n                          <!---->\n                          <!---->\n                          <div class=\"\">\n                            <p>Independente do tamanho do p\u00fablico, organizamos debates com especialistas para trocar conhecimento e experi\u00eancias.<\/p>\n                          <\/div>\n                        <\/div>\n                      <\/div>\n                    <\/div>\n                  <\/div>\n                  <div class=\"h-column h-column-container d-flex h-col-lg-6 h-col-md-6 h-col-12 style-774-outer style-local-884-c15-outer\">\n                    <div data-colibri-id=\"884-c15\" class=\"d-flex h-flex-basis h-column__inner h-px-lg-0 h-px-md-0 h-px-0 v-inner-lg-0 v-inner-md-0 v-inner-0 style-774 style-local-884-c15 position-relative\">\n                      <!---->\n                      <!---->\n                      <div class=\"w-100 h-y-container h-column__content h-column__v-align flex-basis-100 align-self-lg-start align-self-md-start align-self-start\">\n                        <!---->\n                        <div data-colibri-id=\"884-c16\" class=\"h-icon style-775 style-local-884-c16 position-relative h-element\">\n                          <!----><span class=\"h-svg-icon h-icon__icon style-775-icon style-local-884-c16-icon\"><!--Icon by Font Awesome (https:\/\/fontawesome.com)-->\n    <svg version=\"1.1\" xmlns=\"http:\/\/www.w3.org\/2000\/svg\" xmlns:xlink=\"http:\/\/www.w3.org\/1999\/xlink\" id=\"users\" viewBox=\"0 0 1920 1896.0833\">\n      <path d=\"M593 896q-162 5-265 128H194q-82 0-138-40.5T0 865q0-353 124-353 6 0 43.5 21t97.5 42.5T384 597q67 0 133-23-5 37-5 66 0 139 81 256zm1071 637q0 120-73 189.5t-194 69.5H523q-121 0-194-69.5T256 1533q0-53 3.5-103.5t14-109T300 1212t43-97.5 62-81 85.5-53.5T602 960q10 0 43 21.5t73 48 107 48 135 21.5 135-21.5 107-48 73-48 43-21.5q61 0 111.5 20t85.5 53.5 62 81 43 97.5 26.5 108.5 14 109 3.5 103.5zM640 256q0 106-75 181t-181 75-181-75-75-181 75-181T384 0t181 75 75 181zm704 384q0 159-112.5 271.5T960 1024 688.5 911.5 576 640t112.5-271.5T960 256t271.5 112.5T1344 640zm576 225q0 78-56 118.5t-138 40.5h-134q-103-123-265-128 81-117 81-256 0-29-5-66 66 23 133 23 59 0 119-21.5t97.5-42.5 43.5-21q124 0 124 353zm-128-609q0 106-75 181t-181 75-181-75-75-181 75-181 181-75 181 75 75 181z\"><\/path>\n    <\/svg><\/span><\/div>\n                        <div data-colibri-id=\"884-c17\" class=\"h-global-transition-all h-heading style-776 style-local-884-c17 position-relative h-element\">\n                          <!---->\n                          <div class=\"h-heading__outer style-776 style-local-884-c17\">\n                            <!---->\n                            <!---->\n                            <h5 class=\"\">CURSOS INCOMPANY<\/h5>\n                          <\/div>\n                        <\/div>\n                        <div data-colibri-id=\"884-c18\" class=\"h-text h-text-component style-777 style-local-884-c18 position-relative h-element\">\n                          <!---->\n                          <!---->\n                          <div class=\"\">\n                            <p>Organizamos cursos sobre tributos e opera\u00e7\u00f5es fiscais sob medida para a necessidade do seu escrit\u00f3rio ou de seus clientes.<\/p>\n                          <\/div>\n                        <\/div>\n                      <\/div>\n                    <\/div>\n                  <\/div>\n                  <div class=\"h-column h-column-container d-flex h-col-lg-6 h-col-md-6 h-col-12 style-774-outer style-local-884-c19-outer\">\n                    <div data-colibri-id=\"884-c19\" class=\"d-flex h-flex-basis h-column__inner h-px-lg-0 h-px-md-0 h-px-0 v-inner-lg-0 v-inner-md-0 v-inner-0 style-774 style-local-884-c19 position-relative\">\n                      <!---->\n                      <!---->\n                      <div class=\"w-100 h-y-container h-column__content h-column__v-align flex-basis-100 align-self-lg-start align-self-md-start align-self-start\">\n                        <!---->\n                        <div data-colibri-id=\"884-c20\" class=\"h-icon style-775 style-local-884-c20 position-relative h-element\">\n                          <!----><span class=\"h-svg-icon h-icon__icon style-775-icon style-local-884-c20-icon\"><!--Icon by Font Awesome (https:\/\/fontawesome.com)-->\n    <svg version=\"1.1\" xmlns=\"http:\/\/www.w3.org\/2000\/svg\" xmlns:xlink=\"http:\/\/www.w3.org\/1999\/xlink\" id=\"calendar\" viewBox=\"0 0 1672.2646 1896.0833\">\n      <path d=\"M128 1664h288v-288H128v288zm352 0h320v-288H480v288zm-352-352h288V992H128v320zm352 0h320V992H480v320zM128 928h288V640H128v288zm736 736h320v-288H864v288zM480 928h320V640H480v288zm768 736h288v-288h-288v288zm-384-352h320V992H864v320zM512 448V160q0-13-9.5-22.5T480 128h-64q-13 0-22.5 9.5T384 160v288q0 13 9.5 22.5T416 480h64q13 0 22.5-9.5T512 448zm736 864h288V992h-288v320zM864 928h320V640H864v288zm384 0h288V640h-288v288zm32-480V160q0-13-9.5-22.5T1248 128h-64q-13 0-22.5 9.5T1152 160v288q0 13 9.5 22.5t22.5 9.5h64q13 0 22.5-9.5t9.5-22.5zm384-64v1280q0 52-38 90t-90 38H128q-52 0-90-38t-38-90V384q0-52 38-90t90-38h128v-96q0-66 47-113T416 0h64q66 0 113 47t47 113v96h384v-96q0-66 47-113t113-47h64q66 0 113 47t47 113v96h128q52 0 90 38t38 90z\"><\/path>\n    <\/svg><\/span><\/div>\n                        <div data-colibri-id=\"884-c21\" class=\"h-global-transition-all h-heading style-776 style-local-884-c21 position-relative h-element\">\n                          <!---->\n                          <div class=\"h-heading__outer style-776 style-local-884-c21\">\n                            <!---->\n                            <!---->\n                            <h5 class=\"\">PAIN\u00c9IS E PALESTRAS<\/h5>\n                          <\/div>\n                        <\/div>\n                        <div data-colibri-id=\"884-c22\" class=\"h-text h-text-component style-777 style-local-884-c22 position-relative h-element\">\n                          <!---->\n                          <!---->\n                          <div class=\"\">\n                            <p>Realizamos eventos abertos ou privados para debater o tema da Reforma Tribut\u00e1ria ou outros de natureza fiscal.<\/p>\n                          <\/div>\n                        <\/div>\n                      <\/div>\n                    <\/div>\n                  <\/div>\n                  <div class=\"h-column h-column-container d-flex h-col-lg-6 h-col-md-6 h-col-12 style-774-outer style-local-884-c23-outer\">\n                    <div data-colibri-id=\"884-c23\" class=\"d-flex h-flex-basis h-column__inner h-px-lg-0 h-px-md-0 h-px-0 v-inner-lg-0 v-inner-md-0 v-inner-0 style-774 style-local-884-c23 position-relative\">\n                      <!---->\n                      <!---->\n                      <div class=\"w-100 h-y-container h-column__content h-column__v-align flex-basis-100 align-self-lg-start align-self-md-start align-self-start\">\n                        <!---->\n                        <div data-colibri-id=\"884-c24\" class=\"h-icon style-775 style-local-884-c24 position-relative h-element\">\n                          <!----><span class=\"h-svg-icon h-icon__icon style-775-icon style-local-884-c24-icon\"><!--Icon by Material Icons (https:\/\/material.io)--><svg version=\"1.1\" xmlns=\"http:\/\/www.w3.org\/2000\/svg\" xmlns:xlink=\"http:\/\/www.w3.org\/1999\/xlink\" id=\"ondemand_video\" viewBox=\"0 0 512 512\"><path d=\"M341 235l-149 85V149l149 86zm107 128V107H64v256h384zm0-299q17 0 30 12.5t13 30.5l-1 256q0 17-12.5 29.5T448 405H341v43H171v-43H64q-18 0-30.5-12.5T21 363V107q0-18 12.5-30.5T64 64h384z\"><\/path><\/svg><\/span><\/div>\n                        <div\n                          data-colibri-id=\"884-c25\" class=\"h-global-transition-all h-heading style-776 style-local-884-c25 position-relative h-element\">\n                          <!---->\n                          <div class=\"h-heading__outer style-776 style-local-884-c25\">\n                            <!---->\n                            <!---->\n                            <h5 class=\"\">WEBINAR<\/h5>\n                          <\/div>\n                      <\/div>\n                      <div data-colibri-id=\"884-c26\" class=\"h-text h-text-component style-777 style-local-884-c26 position-relative h-element\">\n                        <!---->\n                        <!---->\n                        <div class=\"\">\n                          <p>Temos tamb\u00e9m eventos online com especialistas para elucidar pontos espec\u00edficos que solucionam de uma s\u00f3 vez a d\u00favida de muitos.<\/p>\n                        <\/div>\n                      <\/div>\n                    <\/div>\n                  <\/div>\n                <\/div>\n              <\/div>\n            <\/div>\n          <\/div>\n        <\/div>\n      <\/div>\n    <\/div>\n  <\/div>\n<\/div>\n<\/div>\n<\/div>","protected":false},"excerpt":{"rendered":"<p>A transi\u00e7\u00e3o tribut\u00e1ria vai gerar muitas d\u00favidas e n\u00f3s estamos prontos para te ajudar Capacitar voc\u00ea e seu time para dar respostas r\u00e1pidas e eficientes sobre este novo momento \u00e9 nossa miss\u00e3o. fale conosco WORKSHOPS Independente do tamanho do p\u00fablico, organizamos debates com especialistas para trocar conhecimento e experi\u00eancias. CURSOS INCOMPANY Organizamos cursos sobre tributos [&hellip;]<\/p>\n","protected":false},"author":1,"featured_media":0,"parent":0,"menu_order":0,"comment_status":"closed","ping_status":"closed","template":"page-templates\/full-width-page.php","meta":{"footnotes":""},"class_list":["post-884","page","type-page","status-publish","hentry"],"_links":{"self":[{"href":"https:\/\/hlprojetos.net.br\/index.php?rest_route=\/wp\/v2\/pages\/884","targetHints":{"allow":["GET"]}}],"collection":[{"href":"https:\/\/hlprojetos.net.br\/index.php?rest_route=\/wp\/v2\/pages"}],"about":[{"href":"https:\/\/hlprojetos.net.br\/index.php?rest_route=\/wp\/v2\/types\/page"}],"author":[{"embeddable":true,"href":"https:\/\/hlprojetos.net.br\/index.php?rest_route=\/wp\/v2\/users\/1"}],"replies":[{"embeddable":true,"href":"https:\/\/hlprojetos.net.br\/index.php?rest_route=%2Fwp%2Fv2%2Fcomments&post=884"}],"version-history":[{"count":7,"href":"https:\/\/hlprojetos.net.br\/index.php?rest_route=\/wp\/v2\/pages\/884\/revisions"}],"predecessor-version":[{"id":1592,"href":"https:\/\/hlprojetos.net.br\/index.php?rest_route=\/wp\/v2\/pages\/884\/revisions\/1592"}],"wp:attachment":[{"href":"https:\/\/hlprojetos.net.br\/index.php?rest_route=%2Fwp%2Fv2%2Fmedia&parent=884"}],"curies":[{"name":"wp","href":"https:\/\/api.w.org\/{rel}","templated":true}]}}