{"id":824,"date":"2025-06-24T09:34:27","date_gmt":"2025-06-24T12:34:27","guid":{"rendered":"https:\/\/hlprojetos.net.br\/?page_id=824"},"modified":"2025-06-30T10:07:49","modified_gmt":"2025-06-30T13:07:49","slug":"monitor-da-reforma","status":"publish","type":"page","link":"https:\/\/hlprojetos.net.br\/?page_id=824","title":{"rendered":"Monitor da Reforma"},"content":{"rendered":"<div data-colibri-id=\"824-c1\" class=\"style-691 style-local-824-c1 position-relative\">\n  <!---->\n  <div data-colibri-component=\"section\" data-colibri-id=\"824-c2\" id=\"content\" class=\"h-section h-section-global-spacing d-flex align-items-lg-center align-items-md-center align-items-center style-704 style-local-824-c2 position-relative\">\n    <!---->\n    <!---->\n    <div class=\"h-section-grid-container h-section-fluid-container\">\n      <!---->\n      <div data-colibri-id=\"824-c3\" class=\"h-row-container gutters-row-lg-0 gutters-row-md-0 gutters-row-2 gutters-row-v-lg-0 gutters-row-v-md-0 gutters-row-v-2 style-705 style-local-824-c3 position-relative\">\n        <!---->\n        <div class=\"h-row justify-content-lg-center justify-content-md-center justify-content-center align-items-lg-stretch align-items-md-stretch align-items-stretch gutters-col-lg-0 gutters-col-md-0 gutters-col-2 gutters-col-v-lg-0 gutters-col-v-md-0 gutters-col-v-2\">\n          <!---->\n          <div class=\"h-column h-column-container d-flex h-col-lg-auto h-col-md-auto h-col-auto style-706-outer style-local-824-c4-outer\">\n            <div data-colibri-id=\"824-c4\" class=\"d-flex h-flex-basis h-column__inner h-px-lg-0 h-px-md-0 h-px-0 v-inner-lg-0 v-inner-md-0 v-inner-0 style-706 style-local-824-c4 position-relative\">\n              <!---->\n              <!---->\n              <div class=\"w-100 h-y-container h-column__content h-column__v-align flex-basis-100 align-self-lg-start align-self-md-start align-self-start\">\n                <!---->\n                <div data-colibri-id=\"824-c5\" class=\"h-global-transition-all h-heading style-707 style-local-824-c5 position-relative h-element\">\n                  <!---->\n                  <div class=\"h-heading__outer style-707 style-local-824-c5\">\n                    <!---->\n                    <!---->\n                    <h4 class=\"\">tudo sobre a reforma <\/h4>\n                  <\/div>\n                <\/div>\n                <div data-colibri-id=\"824-c6\" class=\"h-global-transition-all h-heading style-708 style-local-824-c6 position-relative h-element\">\n                  <!---->\n                  <div class=\"h-heading__outer style-708 style-local-824-c6\">\n                    <!---->\n                    <!---->\n                    <h2 class=\"\">Voc\u00ea bem informado<\/h2>\n                  <\/div>\n                <\/div>\n                <div data-colibri-id=\"824-c7\" class=\"h-text h-text-component style-709 style-local-824-c7 position-relative h-element\">\n                  <!---->\n                  <!---->\n                  <div class=\"\">\n                    <p>Este \u00e9 um momento muito especial para a transi\u00e7\u00e3o tribut\u00e1ria das empresas e merece um acompanhamento diferenciado de tudo que vai repercutir na m\u00eddia sobre a Reforma. Por isso, vamos levar at\u00e9 voc\u00ea informa\u00e7\u00f5es atualizadas para voc\u00ea\n                      se manter sempre antenado nas novidades.<\/p>\n                  <\/div>\n                <\/div>\n                <div data-colibri-id=\"824-c8\" class=\"h-row-container gutters-row-lg-2 gutters-row-md-2 gutters-row-0 gutters-row-v-lg-2 gutters-row-v-md-2 gutters-row-v-0 style-710 style-local-824-c8 position-relative\">\n                  <!---->\n                  <div class=\"h-row justify-content-lg-center justify-content-md-center justify-content-center align-items-lg-stretch align-items-md-stretch align-items-stretch gutters-col-lg-2 gutters-col-md-2 gutters-col-0 gutters-col-v-lg-2 gutters-col-v-md-2 gutters-col-v-0\">\n                    <!---->\n                    <div class=\"h-column h-column-container d-flex h-col-lg-6 h-col-md-6 h-col-6 style-711-outer style-local-824-c9-outer\">\n                      <div data-colibri-id=\"824-c9\" class=\"d-flex h-flex-basis h-column__inner h-px-lg-0 h-px-md-0 h-px-0 v-inner-lg-0 v-inner-md-0 v-inner-0 style-711 style-local-824-c9 position-relative\">\n                        <!---->\n                        <!---->\n                        <div class=\"w-100 h-y-container h-column__content h-column__v-align flex-basis-100 align-self-lg-start align-self-md-start align-self-start\">\n                          <!---->\n                          <div data-colibri-id=\"824-c10\" class=\"h-global-transition-all h-heading style-712 style-local-824-c10 position-relative h-element\">\n                            <!---->\n                            <div class=\"h-heading__outer style-712 style-local-824-c10\">\n                              <!---->\n                              <!---->\n                              <h5 class=\"\">NOT\u00cdCIAS<\/h5>\n                            <\/div>\n                          <\/div>\n                          <div data-colibri-id=\"824-c11\" class=\"h-text h-text-component style-713 style-local-824-c11 position-relative h-element\">\n                            <!---->\n                            <!---->\n                            <div class=\"\">\n                              <p>Faremos um clipping especial das principais mat\u00e9rias.<\/p>\n                              <p>\n                                <br>\n                              <\/p>\n                            <\/div>\n                          <\/div>\n                        <\/div>\n                      <\/div>\n                    <\/div>\n                    <div class=\"h-column h-column-container d-flex h-col-lg-6 h-col-md-6 h-col-6 style-711-outer style-local-824-c12-outer\">\n                      <div data-colibri-id=\"824-c12\" class=\"d-flex h-flex-basis h-column__inner h-px-lg-0 h-px-md-0 h-px-0 v-inner-lg-0 v-inner-md-0 v-inner-0 style-711 style-local-824-c12 position-relative\">\n                        <!---->\n                        <!---->\n                        <div class=\"w-100 h-y-container h-column__content h-column__v-align flex-basis-100 align-self-lg-start align-self-md-start align-self-start\">\n                          <!---->\n                          <div data-colibri-id=\"824-c13\" class=\"h-global-transition-all h-heading style-712 style-local-824-c13 position-relative h-element\">\n                            <!---->\n                            <div class=\"h-heading__outer style-712 style-local-824-c13\">\n                              <!---->\n                              <!---->\n                              <h5 class=\"\">ARTIGOS<\/h5>\n                            <\/div>\n                          <\/div>\n                          <div data-colibri-id=\"824-c14\" class=\"h-text h-text-component style-713 style-local-824-c14 position-relative h-element\">\n                            <!---->\n                            <!---->\n                            <div class=\"\">\n                              <p>Selecionaremos artigos que v\u00e3o te ajudar e entender.<\/p>\n                            <\/div>\n                          <\/div>\n                        <\/div>\n                      <\/div>\n                    <\/div>\n                    <div class=\"h-column h-column-container d-flex h-col-lg-6 h-col-md-6 h-col-6 style-711-outer style-local-824-c15-outer\">\n                      <div data-colibri-id=\"824-c15\" class=\"d-flex h-flex-basis h-column__inner h-px-lg-0 h-px-md-0 h-px-0 v-inner-lg-0 v-inner-md-0 v-inner-0 style-711 style-local-824-c15 position-relative\">\n                        <!---->\n                        <!---->\n                        <div class=\"w-100 h-y-container h-column__content h-column__v-align flex-basis-100 align-self-lg-start align-self-md-start align-self-start\">\n                          <!---->\n                          <div data-colibri-id=\"824-c16\" class=\"h-global-transition-all h-heading style-712 style-local-824-c16 position-relative h-element\">\n                            <!---->\n                            <div class=\"h-heading__outer style-712 style-local-824-c16\">\n                              <!---->\n                              <!---->\n                              <h5 class=\"\">CONSULTAS<\/h5>\n                            <\/div>\n                          <\/div>\n                          <div data-colibri-id=\"824-c17\" class=\"h-text h-text-component style-713 style-local-824-c17 position-relative h-element\">\n                            <!---->\n                            <!---->\n                            <div class=\"\">\n                              <p>Captaremos as principais d\u00favidas e seus esclarecimentos.<\/p>\n                            <\/div>\n                          <\/div>\n                        <\/div>\n                      <\/div>\n                    <\/div>\n                    <div class=\"h-column h-column-container d-flex h-col-lg-6 h-col-md-6 h-col-6 style-711-outer style-local-824-c18-outer\">\n                      <div data-colibri-id=\"824-c18\" class=\"d-flex h-flex-basis h-column__inner h-px-lg-0 h-px-md-0 h-px-0 v-inner-lg-0 v-inner-md-0 v-inner-0 style-711 style-local-824-c18 position-relative\">\n                        <!---->\n                        <!---->\n                        <div class=\"w-100 h-y-container h-column__content h-column__v-align flex-basis-100 align-self-lg-start align-self-md-start align-self-start\">\n                          <!---->\n                          <div data-colibri-id=\"824-c19\" class=\"h-global-transition-all h-heading style-712 style-local-824-c19 position-relative h-element\">\n                            <!---->\n                            <div class=\"h-heading__outer style-712 style-local-824-c19\">\n                              <!---->\n                              <!---->\n                              <h5 class=\"\">PESQUISAS<\/h5>\n                            <\/div>\n                          <\/div>\n                          <div data-colibri-id=\"824-c20\" class=\"h-text h-text-component style-713 style-local-824-c20 position-relative h-element\">\n                            <!---->\n                            <!---->\n                            <div class=\"\">\n                              <p>Pesquisas setoriais tamb\u00e9m ser\u00e3o alvo de nossas publica\u00e7\u00f5es.<\/p>\n                            <\/div>\n                          <\/div>\n                        <\/div>\n                      <\/div>\n                    <\/div>\n                  <\/div>\n                <\/div>\n              <\/div>\n            <\/div>\n          <\/div>\n          <div class=\"h-column h-column-container d-flex h-col-lg-auto h-col-md-auto h-col-auto style-714-outer style-local-824-c21-outer\">\n            <div data-colibri-id=\"824-c21\" class=\"d-flex h-flex-basis h-column__inner h-ui-empty-state-container h-px-lg-0 h-px-md-0 h-px-0 v-inner-lg-0 v-inner-md-0 v-inner-0 style-714 style-local-824-c21 position-relative\">\n              <!---->\n              <!---->\n              <div class=\"w-100 h-y-container h-column__content h-column__v-align flex-basis-100\">\n                <!---->\n              <\/div>\n            <\/div>\n          <\/div>\n        <\/div>\n      <\/div>\n    <\/div>\n  <\/div>\n<\/div>","protected":false},"excerpt":{"rendered":"<p>tudo sobre a reforma Voc\u00ea bem informado Este \u00e9 um momento muito especial para a transi\u00e7\u00e3o tribut\u00e1ria das empresas e merece um acompanhamento diferenciado de tudo que vai repercutir na m\u00eddia sobre a Reforma. Por isso, vamos levar at\u00e9 voc\u00ea informa\u00e7\u00f5es atualizadas para voc\u00ea se manter sempre antenado nas novidades. NOT\u00cdCIAS Faremos um clipping especial [&hellip;]<\/p>\n","protected":false},"author":1,"featured_media":0,"parent":0,"menu_order":0,"comment_status":"closed","ping_status":"closed","template":"page-templates\/full-width-page.php","meta":{"footnotes":""},"class_list":["post-824","page","type-page","status-publish","hentry"],"_links":{"self":[{"href":"https:\/\/hlprojetos.net.br\/index.php?rest_route=\/wp\/v2\/pages\/824","targetHints":{"allow":["GET"]}}],"collection":[{"href":"https:\/\/hlprojetos.net.br\/index.php?rest_route=\/wp\/v2\/pages"}],"about":[{"href":"https:\/\/hlprojetos.net.br\/index.php?rest_route=\/wp\/v2\/types\/page"}],"author":[{"embeddable":true,"href":"https:\/\/hlprojetos.net.br\/index.php?rest_route=\/wp\/v2\/users\/1"}],"replies":[{"embeddable":true,"href":"https:\/\/hlprojetos.net.br\/index.php?rest_route=%2Fwp%2Fv2%2Fcomments&post=824"}],"version-history":[{"count":3,"href":"https:\/\/hlprojetos.net.br\/index.php?rest_route=\/wp\/v2\/pages\/824\/revisions"}],"predecessor-version":[{"id":1193,"href":"https:\/\/hlprojetos.net.br\/index.php?rest_route=\/wp\/v2\/pages\/824\/revisions\/1193"}],"wp:attachment":[{"href":"https:\/\/hlprojetos.net.br\/index.php?rest_route=%2Fwp%2Fv2%2Fmedia&parent=824"}],"curies":[{"name":"wp","href":"https:\/\/api.w.org\/{rel}","templated":true}]}}