{"id":765,"date":"2025-06-23T21:34:56","date_gmt":"2025-06-24T00:34:56","guid":{"rendered":"https:\/\/hlprojetos.net.br\/?page_id=765"},"modified":"2025-07-07T19:07:48","modified_gmt":"2025-07-07T22:07:48","slug":"processos-e-tecnologia","status":"publish","type":"page","link":"https:\/\/hlprojetos.net.br\/?page_id=765","title":{"rendered":"Solu\u00e7\u00f5es HL"},"content":{"rendered":"<div data-colibri-id=\"765-c1\" class=\"style-654 style-local-765-c1 position-relative\">\n  <!---->\n  <div data-colibri-component=\"section\" data-colibri-id=\"765-c2\" id=\"content\" class=\"h-section h-section-global-spacing d-flex align-items-lg-center align-items-md-center align-items-center style-655 style-local-765-c2 position-relative\">\n    <!---->\n    <!---->\n    <div class=\"h-section-grid-container h-section-boxed-container\">\n      <div data-colibri-id=\"765-c27\" class=\"h-row-container gutters-row-lg-2 gutters-row-md-2 gutters-row-2 gutters-row-v-lg-2 gutters-row-v-md-2 gutters-row-v-2 style-667 style-local-765-c27 position-relative\">\n        <!---->\n        <div class=\"h-row justify-content-lg-center justify-content-md-center justify-content-center align-items-lg-stretch align-items-md-stretch align-items-stretch gutters-col-lg-2 gutters-col-md-2 gutters-col-2 gutters-col-v-lg-2 gutters-col-v-md-2 gutters-col-v-2\">\n          <!---->\n          <div class=\"h-column h-column-container d-flex h-col-lg-auto h-col-md-auto h-col-auto style-668-outer style-local-765-c28-outer\">\n            <div data-colibri-id=\"765-c28\" class=\"d-flex h-flex-basis h-column__inner h-px-lg-2 h-px-md-2 h-px-2 v-inner-lg-2 v-inner-md-2 v-inner-2 style-668 style-local-765-c28 position-relative\">\n              <!---->\n              <!---->\n              <div class=\"w-100 h-y-container h-column__content h-column__v-align flex-basis-100 align-self-lg-start align-self-md-start align-self-start\">\n                <!---->\n                <div data-colibri-id=\"765-c29\" class=\"h-global-transition-all h-heading style-669 style-local-765-c29 position-relative h-element\">\n                  <!---->\n                  <div class=\"h-heading__outer style-669 style-local-765-c29\">\n                    <!---->\n                    <!---->\n                    <h2 class=\"\">Transforma\u00e7\u00e3o Digital \u00e9 o Nosso Neg\u00f3cio<\/h2>\n                  <\/div>\n                <\/div>\n                <div data-colibri-id=\"765-c30\" class=\"h-lead h-text h-text-component style-670 style-local-765-c30 position-relative h-element\">\n                  <!---->\n                  <!---->\n                  <div class=\"\">\n                    <p>Al\u00e9m do Reforma 360\u00ba (ASIS), da Plataforma de Auditoria Kolossus (ASIS) e das Atividades de Treinamento, a HL Projetos oferece 3 linhas de solu\u00e7\u00f5es inovadoras para aumentar a qualidade e a produtividade do seu Escrit\u00f3rio Cont\u00e1bil:<\/p>\n                  <\/div>\n                <\/div>\n              <\/div>\n            <\/div>\n          <\/div>\n        <\/div>\n      <\/div>\n      <div data-colibri-id=\"765-c3\" class=\"h-row-container gutters-row-lg-2 gutters-row-md-2 gutters-row-2 gutters-row-v-lg-2 gutters-row-v-md-2 gutters-row-v-2 style-656 style-local-765-c3 position-relative\">\n        <!---->\n        <div class=\"h-row justify-content-lg-center justify-content-md-center justify-content-center align-items-lg-stretch align-items-md-stretch align-items-stretch gutters-col-lg-2 gutters-col-md-2 gutters-col-2 gutters-col-v-lg-2 gutters-col-v-md-2 gutters-col-v-2\">\n          <!---->\n          <div class=\"h-column h-column-container d-flex h-col-lg-auto h-col-md-auto h-col-auto style-657-outer style-local-765-c4-outer\">\n            <div data-colibri-id=\"765-c4\" class=\"d-flex h-flex-basis h-column__inner h-px-lg-0 h-px-md-0 h-px-0 v-inner-lg-0 v-inner-md-0 v-inner-0 style-657 style-local-765-c4 position-relative\">\n              <!---->\n              <!---->\n              <div class=\"w-100 h-y-container h-column__content h-column__v-align flex-basis-100 align-self-lg-start align-self-md-start align-self-start\">\n                <!---->\n                <div data-colibri-id=\"765-c5\" class=\"h-row-container gutters-row-lg-2 gutters-row-md-2 gutters-row-2 gutters-row-v-lg-2 gutters-row-v-md-2 gutters-row-v-2 style-658 style-local-765-c5 position-relative\">\n                  <!---->\n                  <div class=\"h-row justify-content-lg-center justify-content-md-center justify-content-center align-items-lg-stretch align-items-md-stretch align-items-stretch gutters-col-lg-2 gutters-col-md-2 gutters-col-2 gutters-col-v-lg-2 gutters-col-v-md-2 gutters-col-v-2\">\n                    <!---->\n                    <div class=\"h-column h-column-container d-flex h-col-lg-auto h-col-md-auto h-col-auto style-659-outer style-local-765-c6-outer\">\n                      <div data-colibri-id=\"765-c6\" class=\"d-flex h-flex-basis h-column__inner h-px-lg-0 h-px-md-0 h-px-0 v-inner-lg-0 v-inner-md-0 v-inner-0 style-659 style-local-765-c6 position-relative\">\n                        <!---->\n                        <!---->\n                        <div class=\"w-100 h-y-container h-column__content h-column__v-align flex-basis-100 align-self-lg-center align-self-md-center align-self-center\">\n                          <!---->\n                          <div data-colibri-id=\"765-c7\" class=\"h-global-transition-all h-heading style-660 style-local-765-c7 position-relative h-element\">\n                            <!---->\n                            <div class=\"h-heading__outer style-660 style-local-765-c7\">\n                              <!---->\n                              <!---->\n                              <h4 class=\"\">Gest\u00e3o Eletr\u00f4nica de Documentos<\/h4>\n                            <\/div>\n                          <\/div>\n                          <div data-colibri-id=\"765-c8\" class=\"h-text h-text-component style-661 style-local-765-c8 position-relative h-element\">\n                            <!---->\n                            <!---->\n                            <div class=\"\">\n                              <p>Imagine o seu escrit\u00f3rio com um ambiente virtual todo customizado para a guarda de documentos como: demonstra\u00e7\u00f5es cont\u00e1beis, raz\u00e3o, livro caixa, extratos banc\u00e1rios etc. tudo organizado por cliente, por tipo, por m\u00eas&#8230; E\n                                voc\u00ea ainda pode dar acesso restrito a cada cliente aos seus documentos, com ambientes espec\u00edficos para guarda de contratos, procura\u00e7\u00f5es e certid\u00f5es, por exemplo. Tudo isso com workflow e alertas por e-mail, al\u00e9m de um m\u00f3dulo\n                                de assinatura eletr\u00f4nica, para a formaliza\u00e7\u00e3o 100% digital.<\/p>\n                            <\/div>\n                          <\/div>\n                        <\/div>\n                      <\/div>\n                    <\/div>\n                    <div class=\"h-column h-column-container d-flex h-col-lg-auto h-col-md-auto h-col-auto style-662-outer style-local-765-c9-outer\">\n                      <div data-colibri-id=\"765-c9\" class=\"d-flex h-flex-basis h-column__inner h-ui-empty-state-container h-px-lg-0 h-px-md-0 h-px-0 v-inner-lg-0 v-inner-md-0 v-inner-0 style-662 style-local-765-c9 position-relative\">\n                        <!---->\n                        <!---->\n                        <div class=\"w-100 h-y-container h-column__content h-column__v-align flex-basis-100\">\n                          <!---->\n                        <\/div>\n                      <\/div>\n                    <\/div>\n                  <\/div>\n                <\/div>\n                <div data-colibri-id=\"765-c10\" class=\"h-row-container gutters-row-lg-2 gutters-row-md-2 gutters-row-2 gutters-row-v-lg-2 gutters-row-v-md-2 gutters-row-v-2 style-658 style-local-765-c10 position-relative\">\n                  <!---->\n                  <div class=\"h-row justify-content-lg-center justify-content-md-center justify-content-center align-items-lg-stretch align-items-md-stretch align-items-stretch gutters-col-lg-2 gutters-col-md-2 gutters-col-2 gutters-col-v-lg-2 gutters-col-v-md-2 gutters-col-v-2\">\n                    <!---->\n                    <div class=\"h-column h-column-container d-flex h-col-lg-auto h-col-md-auto h-col-auto style-663-outer style-local-765-c11-outer\">\n                      <div data-colibri-id=\"765-c11\" class=\"d-flex h-flex-basis h-column__inner h-ui-empty-state-container h-px-lg-0 h-px-md-0 h-px-0 v-inner-lg-0 v-inner-md-0 v-inner-0 style-663 style-local-765-c11 position-relative\">\n                        <!---->\n                        <!---->\n                        <div class=\"w-100 h-y-container h-column__content h-column__v-align flex-basis-100\">\n                          <!---->\n                        <\/div>\n                      <\/div>\n                    <\/div>\n                    <div class=\"h-column h-column-container d-flex h-col-lg-auto h-col-md-auto h-col-auto style-659-outer style-local-765-c12-outer\">\n                      <div data-colibri-id=\"765-c12\" class=\"d-flex h-flex-basis h-column__inner h-px-lg-0 h-px-md-0 h-px-0 v-inner-lg-0 v-inner-md-0 v-inner-0 style-659 style-local-765-c12 position-relative\">\n                        <!---->\n                        <!---->\n                        <div class=\"w-100 h-y-container h-column__content h-column__v-align flex-basis-100 align-self-lg-center align-self-md-center align-self-center\">\n                          <!---->\n                          <div data-colibri-id=\"765-c13\" class=\"h-global-transition-all h-heading style-660 style-local-765-c13 position-relative h-element\">\n                            <!---->\n                            <div class=\"h-heading__outer style-660 style-local-765-c13\">\n                              <!---->\n                              <!---->\n                              <h4 class=\"\">Atendimento com Intelig\u00eancia Artificial<\/h4>\n                            <\/div>\n                          <\/div>\n                          <div data-colibri-id=\"765-c14\" class=\"h-text h-text-component style-664 style-local-765-c14 position-relative h-element\">\n                            <!---->\n                            <!---->\n                            <div class=\"\">\n                              <p>No mundo atual, o tempo de resposta e uma comunica\u00e7\u00e3o fluida s\u00e3o essenciais para que os clientes se sintam devidamente prestigiados. Por isso, organizar um bom fluxo de mensagens de atendimento em primeiro n\u00edvel at\u00e9 chegar\n                                na sua equipe t\u00e9cnica ajuda tanto aos clientes quando ao seu time, para que o direcionamento dos assuntos seja bem efetivo e ajude o seu time a ter maior efic\u00e1cia, precis\u00e3o e produtividade nas intera\u00e7\u00f5es. A HL Projetos\n                                estrutura sua \u00e1rvore de atendimento com tecnologias modernas e de baixo custo.<\/p>\n                            <\/div>\n                          <\/div>\n                        <\/div>\n                      <\/div>\n                    <\/div>\n                  <\/div>\n                <\/div>\n                <div data-colibri-id=\"765-c15\" class=\"h-row-container gutters-row-lg-2 gutters-row-md-2 gutters-row-2 gutters-row-v-lg-2 gutters-row-v-md-2 gutters-row-v-2 style-658 style-local-765-c15 position-relative\">\n                  <!---->\n                  <div class=\"h-row justify-content-lg-center justify-content-md-center justify-content-center align-items-lg-stretch align-items-md-stretch align-items-stretch gutters-col-lg-2 gutters-col-md-2 gutters-col-2 gutters-col-v-lg-2 gutters-col-v-md-2 gutters-col-v-2\">\n                    <!---->\n                    <div class=\"h-column h-column-container d-flex h-col-lg-auto h-col-md-auto h-col-auto style-659-outer style-local-765-c16-outer\">\n                      <div data-colibri-id=\"765-c16\" class=\"d-flex h-flex-basis h-column__inner h-px-lg-0 h-px-md-0 h-px-0 v-inner-lg-0 v-inner-md-0 v-inner-0 style-659 style-local-765-c16 position-relative\">\n                        <!---->\n                        <!---->\n                        <div class=\"w-100 h-y-container h-column__content h-column__v-align flex-basis-100 align-self-lg-center align-self-md-center align-self-center\">\n                          <!---->\n                          <div data-colibri-id=\"765-c17\" class=\"h-global-transition-all h-heading style-660 style-local-765-c17 position-relative h-element\">\n                            <!---->\n                            <div class=\"h-heading__outer style-660 style-local-765-c17\">\n                              <!---->\n                              <!---->\n                              <h4 class=\"\">Gest\u00e3o do Relacionamento com Clientes<\/h4>\n                            <\/div>\n                          <\/div>\n                          <div data-colibri-id=\"765-c18\" class=\"h-text h-text-component style-665 style-local-765-c18 position-relative h-element\">\n                            <!---->\n                            <!---->\n                            <div class=\"\">\n                              <p>Mais importante do que conquistar novos clientes \u00e9 manter os atuais e rentabiliz\u00e1-los. Para isso, o seu escrit\u00f3rio precisa contar com tecnologia e processo eficaz de gest\u00e3o de relacionamento com clientes. Atrav\u00e9s de um processo\n                                bem planejado, voc\u00ea consegue estruturar uma boa r\u00e9gua de contatos automatizados e peri\u00f3dicos com seus clientes. N\u00f3s levamos at\u00e9 voc\u00ea solu\u00e7\u00f5es econ\u00f4micas que ajudar\u00e3o a voc\u00ea e seu time a desenvolver todo o potencial de rentabilidade\n                                de cada cliente.<\/p>\n                            <\/div>\n                          <\/div>\n                        <\/div>\n                      <\/div>\n                    <\/div>\n                    <div class=\"h-column h-column-container d-flex h-col-lg-auto h-col-md-auto h-col-auto style-666-outer style-local-765-c19-outer\">\n                      <div data-colibri-id=\"765-c19\" class=\"d-flex h-flex-basis h-column__inner h-ui-empty-state-container h-px-lg-0 h-px-md-0 h-px-0 v-inner-lg-0 v-inner-md-0 v-inner-0 style-666 style-local-765-c19 position-relative\">\n                        <!---->\n                        <!---->\n                        <div class=\"w-100 h-y-container h-column__content h-column__v-align flex-basis-100\">\n                          <!---->\n                        <\/div>\n                      <\/div>\n                    <\/div>\n                  <\/div>\n                <\/div>\n              <\/div>\n            <\/div>\n          <\/div>\n        <\/div>\n      <\/div>\n      <div data-colibri-id=\"765-c20\" class=\"h-row-container gutters-row-lg-2 gutters-row-md-2 gutters-row-0 gutters-row-v-lg-2 gutters-row-v-md-2 gutters-row-v-2 style-855 style-local-765-c20 position-relative\">\n        <!---->\n        <div class=\"h-row justify-content-lg-center justify-content-md-center justify-content-center align-items-lg-stretch align-items-md-stretch align-items-stretch gutters-col-lg-2 gutters-col-md-2 gutters-col-0 gutters-col-v-lg-2 gutters-col-v-md-2 gutters-col-v-2\">\n          <!---->\n          <div class=\"h-column h-column-container d-flex h-col-lg-auto h-col-md-auto h-col-auto style-856-outer style-local-765-c21-outer\">\n            <div data-colibri-id=\"765-c21\" class=\"d-flex h-flex-basis h-column__inner h-px-lg-2 h-px-md-2 h-px-2 v-inner-lg-2 v-inner-md-2 v-inner-2 style-856 style-local-765-c21 position-relative\">\n              <!---->\n              <!---->\n              <div class=\"w-100 h-y-container h-column__content h-column__v-align flex-basis-100 align-self-lg-start align-self-md-start align-self-start\">\n                <!---->\n                <div data-colibri-id=\"765-c22\" class=\"h-text h-text-component style-857 style-local-765-c22 position-relative h-element\">\n                  <!---->\n                  <!---->\n                  <div class=\"\">\n                    <p>Essas 3 linhas de servi\u00e7os inovadores da HL Projetos podem ser aplicadas isoladamente em seu escrit\u00f3rio mas s\u00e3o pensadas para funcionarem de forma integrada, de maneira que sua qualidade em servi\u00e7os e relacionamento se pontencialize\n                      ao m\u00e1ximo.<\/p>\n                  <\/div>\n                <\/div>\n              <\/div>\n            <\/div>\n          <\/div>\n        <\/div>\n      <\/div>\n      <div data-colibri-id=\"765-c23\" class=\"h-row-container gutters-row-lg-2 gutters-row-md-2 gutters-row-0 gutters-row-v-lg-2 gutters-row-v-md-2 gutters-row-v-2 style-671 style-local-765-c23 position-relative\">\n        <!---->\n        <div class=\"h-row justify-content-lg-center justify-content-md-center justify-content-center align-items-lg-stretch align-items-md-stretch align-items-stretch gutters-col-lg-2 gutters-col-md-2 gutters-col-0 gutters-col-v-lg-2 gutters-col-v-md-2 gutters-col-v-2\">\n          <!---->\n          <div class=\"h-column h-column-container d-flex h-col-lg-auto h-col-md-auto h-col-auto style-672-outer style-local-765-c24-outer\">\n            <div data-colibri-id=\"765-c24\" class=\"d-flex h-flex-basis h-column__inner h-px-lg-2 h-px-md-2 h-px-2 v-inner-lg-2 v-inner-md-2 v-inner-2 style-672 style-local-765-c24 position-relative\">\n              <!---->\n              <!---->\n              <div class=\"w-100 h-y-container h-column__content h-column__v-align flex-basis-100 align-self-lg-start align-self-md-start align-self-start\">\n                <!---->\n                <div data-colibri-id=\"765-c25\" class=\"h-x-container style-673 style-local-765-c25 position-relative h-element\">\n                  <!---->\n                  <div class=\"h-x-container-inner style-dynamic-765-c25-group style-673-spacing style-local-765-c25-spacing\"><span class=\"h-button__outer style-674-outer style-local-765-c26-outer d-inline-flex h-element\"><a h-use-smooth-scroll=\"true\" href=\"https:\/\/hlprojetos.net.br\/#contato\"  data-colibri-id=\"765-c26\" class=\"d-flex w-100 align-items-center h-button justify-content-lg-center justify-content-md-center justify-content-center style-674 style-local-765-c26 position-relative\"><!----><!----> <span>Fale conosco<\/span><\/a>\n                    <\/span>\n                  <\/div>\n                <\/div>\n              <\/div>\n            <\/div>\n          <\/div>\n        <\/div>\n      <\/div>\n    <\/div>\n  <\/div>\n<\/div>","protected":false},"excerpt":{"rendered":"<p>Transforma\u00e7\u00e3o Digital \u00e9 o Nosso Neg\u00f3cio Al\u00e9m do Reforma 360\u00ba (ASIS), da Plataforma de Auditoria Kolossus (ASIS) e das Atividades de Treinamento, a HL Projetos oferece 3 linhas de solu\u00e7\u00f5es inovadoras para aumentar a qualidade e a produtividade do seu Escrit\u00f3rio Cont\u00e1bil: Gest\u00e3o Eletr\u00f4nica de Documentos Imagine o seu escrit\u00f3rio com um ambiente virtual todo [&hellip;]<\/p>\n","protected":false},"author":1,"featured_media":0,"parent":0,"menu_order":0,"comment_status":"closed","ping_status":"closed","template":"page-templates\/full-width-page.php","meta":{"footnotes":""},"class_list":["post-765","page","type-page","status-publish","hentry"],"_links":{"self":[{"href":"https:\/\/hlprojetos.net.br\/index.php?rest_route=\/wp\/v2\/pages\/765","targetHints":{"allow":["GET"]}}],"collection":[{"href":"https:\/\/hlprojetos.net.br\/index.php?rest_route=\/wp\/v2\/pages"}],"about":[{"href":"https:\/\/hlprojetos.net.br\/index.php?rest_route=\/wp\/v2\/types\/page"}],"author":[{"embeddable":true,"href":"https:\/\/hlprojetos.net.br\/index.php?rest_route=\/wp\/v2\/users\/1"}],"replies":[{"embeddable":true,"href":"https:\/\/hlprojetos.net.br\/index.php?rest_route=%2Fwp%2Fv2%2Fcomments&post=765"}],"version-history":[{"count":15,"href":"https:\/\/hlprojetos.net.br\/index.php?rest_route=\/wp\/v2\/pages\/765\/revisions"}],"predecessor-version":[{"id":1486,"href":"https:\/\/hlprojetos.net.br\/index.php?rest_route=\/wp\/v2\/pages\/765\/revisions\/1486"}],"wp:attachment":[{"href":"https:\/\/hlprojetos.net.br\/index.php?rest_route=%2Fwp%2Fv2%2Fmedia&parent=765"}],"curies":[{"name":"wp","href":"https:\/\/api.w.org\/{rel}","templated":true}]}}